{"id":87,"date":"2023-03-26T20:31:04","date_gmt":"2023-03-26T18:31:04","guid":{"rendered":"http:\/\/aureliedeloron.com\/?page_id=87"},"modified":"2024-07-31T10:17:28","modified_gmt":"2024-07-31T08:17:28","slug":"les-methodes-utilisees","status":"publish","type":"page","link":"https:\/\/aureliedeloron.com\/index.php\/les-methodes-utilisees\/","title":{"rendered":"Les m\u00e9thodes utilis\u00e9es"},"content":{"rendered":"\n<h1 class=\"wp-block-heading has-text-align-center has-text-color\" style=\"color:#bd0040\">&#8211; <strong>LES METHODES <\/strong>&#8211;<\/h1>\n\n\n\n<figure class=\"wp-block-image aligncenter size-full is-resized\"><img loading=\"lazy\" decoding=\"async\" width=\"629\" height=\"516\" src=\"http:\/\/aureliedeloron.com\/wp-content\/uploads\/2023\/08\/Domaines-dintervention.png\" alt=\"\" class=\"wp-image-301\" style=\"aspect-ratio:1.2196382428940569;width:472px;height:auto\" srcset=\"https:\/\/aureliedeloron.com\/wp-content\/uploads\/2023\/08\/Domaines-dintervention.png 629w, https:\/\/aureliedeloron.com\/wp-content\/uploads\/2023\/08\/Domaines-dintervention-300x246.png 300w\" sizes=\"auto, (max-width: 629px) 100vw, 629px\" \/><\/figure>\n\n\n\n<p class=\"has-text-align-center has-black-color has-text-color has-link-color wp-elements-899858c27e8c4be8cd016cfdc6b5dc1f\">Des disciplines pour comprendre ce qui vous p\u00e8se, pour vous comprendre, pour vous analyser, il en existe plein ! <\/p>\n\n\n\n<p class=\"has-text-align-center has-black-color has-text-color has-link-color wp-elements-42b307e544d9e792a0dc086452163922\">Et il existe <em>aussi <\/em>des outils et des m\u00e9thodes permettant de s&#8217;orienter vers <strong>&#8220;votre demain, quand \u00e7a va mieux&#8221; <\/strong>! (Tout) petit aper\u00e7u juste ici.<\/p>\n\n\n\n<div class=\"wp-block-group is-layout-constrained wp-block-group-is-layout-constrained\">\n<div class=\"wp-block-columns is-layout-flex wp-container-core-columns-is-layout-28f84493 wp-block-columns-is-layout-flex\">\n<div class=\"wp-block-column is-layout-flow wp-block-column-is-layout-flow\">\n<h2 class=\"wp-block-heading has-text-align-center has-text-color\" style=\"color:#00bd8a\"><strong>L&#8217; HYPNOSE ERICKSONIENNE<\/strong><\/h2>\n\n\n\n<p class=\"has-text-align-center\"><mark style=\"background-color:rgba(0, 0, 0, 0);color:#dc1357\" class=\"has-inline-color\"><strong>&#8230;..     &#8230;..     &#8230;..<\/strong><\/mark><\/p>\n\n\n\n<p class=\"has-black-color has-text-color\">Parmi les m\u00e9thodes que j&#8217;utilise pour vous accompagner, l&#8217;hypnose occupe une large part.<\/p>\n\n\n\n<p class=\"has-black-color has-text-color\">L\u2019Hypnose Ericksonienne, &#8220;cousine&#8221; de la PNL (cf ci-apr\u00e8s), est issue de la pratique de&nbsp;<strong>Milton H. Erickson. <\/strong>Elle est caract\u00e9ris\u00e9e par une&nbsp;<strong>approche souple et non dirigiste<\/strong>.<\/p>\n\n\n\n<p class=\"has-black-color has-text-color\">L\u2019hypnose Ericksonienne fait partie des th\u00e9rapies br\u00e8ves. Elle est&nbsp;<strong>orient\u00e9e vers les solutions<\/strong>&nbsp;: il n\u2019est pas forc\u00e9ment n\u00e9cessaire d\u2019analyser et remuer le pass\u00e9 pour am\u00e9liorer les choses.<\/p>\n\n\n\n<p class=\"has-black-color has-text-color\"><strong>L\u2019\u00e9tat d\u2019hypnose est un <\/strong><strong><a href=\"http:\/\/aureliedeloron.fr\/zoom-sur-lhypnose\/\" target=\"_blank\" rel=\"noreferrer noopener\"><u>\u00e9tat naturel<\/u><\/a><\/strong>, dans lequel se plonge votre cerveau plusieurs fois par jour, et o\u00f9 l\u2019imagination et la cr\u00e9ativit\u00e9 sont grandement favoris\u00e9es.<\/p>\n\n\n\n<p class=\"has-black-color has-text-color\">Ainsi, quand vous voyagez en voiture, ou encore quand vous \u00eates absorb\u00e9 par un film ou un livre&nbsp;: vous \u00eates tellement plong\u00e9s dans vos pens\u00e9es que vous en perdez la notion du temps\u2026<\/p>\n\n\n\n<p class=\"has-black-color has-text-color\">L\u2019hypnose Ericksonienne permet d\u2019<strong>entrer en contact avec votre inconscient<\/strong><strong>,<\/strong>&nbsp;v\u00e9ritable magasin de stockage de vos souvenirs, mais aussi de vos&nbsp;<strong>comp\u00e9tences<\/strong>,&nbsp;<strong>apprentissages<\/strong>&nbsp;et&nbsp;<strong>ressources<\/strong>. Ainsi, conscient et inconscient travaillent ensemble pour d\u00e9clencher les changements n\u00e9cessaires \u00e0 l\u2019atteinte de l\u2019objectif.<\/p>\n\n\n\n<p class=\"has-black-color has-text-color\">\u200bL\u2019\u00e9tat hypnotique,&nbsp;<strong>facilitateur du changement<\/strong>, permet d\u2019acc\u00e9der \u00e0 toutes vos ressources et \u00e0 vos capacit\u00e9s de changement et d\u2019apprentissage.<\/p>\n\n\n\n<p class=\"has-black-color has-text-color\">Pour la petite histoire, sachez que l&#8217;hypnose est pour moi bien plus qu&#8217;un simple outil : c&#8217;est quasiment une philosophie de vie !<\/p>\n\n\n\n<p class=\"has-black-color has-text-color\">Pour ceux qui m&#8217;ont d\u00e9j\u00e0 rencontr\u00e9 au cours d&#8217;un accompagnement ou d&#8217;une rencontre professionnelle, j&#8217;aime l&#8217;hypnose en tant qu&#8217;outil pour vous accompagner. J&#8217;adore l&#8217;hypnose pour son processus de r\u00e9flexion. Je l&#8217;aime pour ce qu&#8217;elle permet de d\u00e9couvrir et pour les blocages qu&#8217;elle permet de surmonter. Cette hypnose, si puissante, qui aboutit \u00e0 ces prises de conscience pas toujours conscientes mais toujours aussi efficaces ! \ud83d\ude09<\/p>\n\n\n\n<p><a href=\"http:\/\/aureliedeloron.com\/index.php\/portrait\/\" target=\"_blank\" rel=\"noreferrer noopener\">Je vous propose d&#8217;en d\u00e9couvrir davantage sur mon parcours : \u00e7a se passe en cliquant juste ici !<\/a><\/p>\n\n\n\n<div class=\"wp-block-columns is-layout-flex wp-container-core-columns-is-layout-28f84493 wp-block-columns-is-layout-flex\">\n<div class=\"wp-block-column is-layout-flow wp-block-column-is-layout-flow\">\n<p><\/p>\n\n\n\n<p><\/p>\n\n\n\n<h2 class=\"wp-block-heading has-text-align-center has-text-color\" style=\"color:#00bd8a\"><strong>AUTRES M\u00c9THODES ET APPROCHES&nbsp;UTILIS\u00c9ES<\/strong><\/h2>\n\n\n\n<p><\/p>\n\n\n\n<p class=\"has-black-color has-text-color\">Evidemment, je m&#8217;adapte \u00e0 vos besoins et \u00e0 votre demande.<\/p>\n\n\n\n<p class=\"has-black-color has-text-color\">Autrement dit, j&#8217;allie ces outils avec d&#8217;autres techniques et principes.  Ces derniers sont issus du coaching, de l&#8217;analyse transactionnelle, de l&#8217;\u00e9n\u00e9agramme, de la psychologie, de la processcomm, de l&#8217;approche narrative etc&#8230;<\/p>\n\n\n\n<p><\/p>\n\n\n\n<p><\/p>\n\n\n\n<p class=\"has-black-color has-text-color\">Parce que j&#8217;en suis s\u00fbre : vous le valez bien ! (ah ces publicitaires et leurs slogans qui nous font du bien !!)<\/p>\n<\/div>\n<\/div>\n<\/div>\n\n\n\n<div class=\"wp-block-column is-layout-flow wp-block-column-is-layout-flow\">\n<h2 class=\"wp-block-heading has-text-align-center has-text-color\" style=\"color:#00bd8a\"><strong>LA PROGRAMMATION NEUROLINGUISTIQUE<\/strong><\/h2>\n\n\n\n<p class=\"has-text-align-center\"><mark style=\"background-color:rgba(0, 0, 0, 0);color:#dc1357\" class=\"has-inline-color\"><mark style=\"background-color:rgba(0, 0, 0, 0);color:#dc1357\" class=\"has-inline-color\"><strong>&#8230;..     &#8230;..     &#8230;..<\/strong><\/mark><\/mark><\/p>\n\n\n\n<p class=\"has-black-color has-text-color\">La seconde m\u00e9thode que je vous propose en consultation est la Programmation Neuro-Linguistique (PNL) a \u00e9t\u00e9 \u00e9labor\u00e9e par&nbsp;<strong>Richard Bandler et John Grinder<\/strong>&nbsp;dans les ann\u00e9es 1970 aux \u00c9tats-Unis.<\/p>\n\n\n\n<p class=\"has-black-color has-text-color\">\u200bLeur id\u00e9e est que les personnes qui r\u00e9ussissent ont des gestes et des comportements communs. De ce fait, il est tout \u00e0 fait possible de reproduire ces attitudes afin de r\u00e9ussir soi-m\u00eame.<\/p>\n\n\n\n<p class=\"has-black-color has-text-color\">\u200bAinsi, la PNL,&nbsp;<strong>orient\u00e9e vers l\u2019exp\u00e9rience<\/strong>, se d\u00e9finit donc comme \u00e9tant la&nbsp;<strong>mod\u00e9lisation de ce qui r\u00e9ussit<\/strong>.&nbsp;Concr\u00e8tement, il s\u2019agit de&nbsp;<strong>rep\u00e9rer, d\u00e9crire et reproduire les comportements \u00e0 succ\u00e8s, pour ensuite les transmettre<\/strong>.<\/p>\n\n\n\n<figure class=\"wp-block-image size-large\"><img loading=\"lazy\" decoding=\"async\" width=\"1024\" height=\"576\" src=\"http:\/\/aureliedeloron.com\/wp-content\/uploads\/2023\/03\/20170210_173423-1024x576.jpg\" alt=\"\" class=\"wp-image-91\" srcset=\"https:\/\/aureliedeloron.com\/wp-content\/uploads\/2023\/03\/20170210_173423-1024x576.jpg 1024w, https:\/\/aureliedeloron.com\/wp-content\/uploads\/2023\/03\/20170210_173423-300x169.jpg 300w, https:\/\/aureliedeloron.com\/wp-content\/uploads\/2023\/03\/20170210_173423-768x432.jpg 768w, https:\/\/aureliedeloron.com\/wp-content\/uploads\/2023\/03\/20170210_173423.jpg 1280w\" sizes=\"auto, (max-width: 1024px) 100vw, 1024px\" \/><\/figure>\n\n\n\n<ul class=\"wp-block-list\">\n<li><strong>Programmation&nbsp;<\/strong>: nous cr\u00e9ons, appliquons et r\u00e9p\u00e9tons des \u201cprogrammes\u201d comportementaux, que nous avons enregistr\u00e9 au fil du temps et en fonction de nos exp\u00e9riences et de notre environnement.<\/li>\n\n\n\n<li><strong>Neuro&nbsp;<\/strong>: notre syst\u00e8me nerveux traite ces donn\u00e9es pour aboutir \u00e0 un \u00e9tat interne sp\u00e9cifique<\/li>\n\n\n\n<li><strong>Linguistique&nbsp;<\/strong>: l\u2019expression de cet \u00e9tat interne est le comportement ext\u00e9rieur (verbal et non verbal).<\/li>\n<\/ul>\n\n\n\n<p class=\"has-black-color has-text-color\">La PNL a donc pour but de <a href=\"http:\/\/aureliedeloron.fr\/destination-pnl-en-route-pour-la-reussite\/\"><\/a><strong><u>\u00ab&nbsp;reprogrammer le cerveau&nbsp;\u00bb<\/u><\/strong>&nbsp;afin d\u2019y ajouter de&nbsp;<strong>nouveaux potentiels<\/strong>, agissant directement sur nos comportements et nos capacit\u00e9s, au quotidien, avec nous-m\u00eame ainsi qu\u2019avec les autres.<\/p>\n\n\n\n<p class=\"has-black-color has-text-color\">Parce que l\u2019on a parfois besoin de prendre du recul ou d\u2019un \u00ab&nbsp;coup de boost&nbsp;\u00bb pour avancer ou d\u00e9bloquer une situation dans sa vie personnelle ou professionnelle. L\u2019hypnose et la PNL permettent de faire le tri et de voir plus clair pour d\u00e9finir priorit\u00e9s et objectifs afin d\u2019obtenir les r\u00e9sultats souhait\u00e9s.<\/p>\n\n\n\n<p class=\"has-black-color has-text-color\"><strong>En ce sens, la PNL et l\u2019Hypnose Ericksonienne sont des m\u00e9thodes compl\u00e9mentaires pour vous aider \u00e0 atteindre vos objectifs.<\/strong><\/p>\n\n\n\n<div class=\"wp-block-columns is-layout-flex wp-container-core-columns-is-layout-28f84493 wp-block-columns-is-layout-flex\">\n<div class=\"wp-block-column is-layout-flow wp-block-column-is-layout-flow\">\n<figure class=\"wp-block-image size-large\"><img loading=\"lazy\" decoding=\"async\" width=\"576\" height=\"1024\" src=\"http:\/\/aureliedeloron.com\/wp-content\/uploads\/2023\/03\/20170526_115140-576x1024.jpg\" alt=\"\" class=\"wp-image-89\" srcset=\"https:\/\/aureliedeloron.com\/wp-content\/uploads\/2023\/03\/20170526_115140-576x1024.jpg 576w, https:\/\/aureliedeloron.com\/wp-content\/uploads\/2023\/03\/20170526_115140-169x300.jpg 169w, https:\/\/aureliedeloron.com\/wp-content\/uploads\/2023\/03\/20170526_115140-rotated.jpg 720w\" sizes=\"auto, (max-width: 576px) 100vw, 576px\" \/><\/figure>\n<\/div>\n\n\n\n<div class=\"wp-block-column is-layout-flow wp-block-column-is-layout-flow\"><\/div>\n<\/div>\n<\/div>\n<\/div>\n<\/div>\n","protected":false},"excerpt":{"rendered":"<p>&#8211; LES METHODES &#8211; Des disciplines pour comprendre ce qui vous p\u00e8se, pour vous comprendre, pour vous analyser, il en existe plein ! Et il existe aussi des outils et des m\u00e9thodes permettant de s&#8217;orienter vers &#8220;votre demain, quand \u00e7a<\/p>\n","protected":false},"author":1,"featured_media":0,"parent":0,"menu_order":0,"comment_status":"closed","ping_status":"closed","template":"","meta":{"footnotes":""},"class_list":["post-87","page","type-page","status-publish","hentry"],"yoast_head":"<!-- This site is optimized with the Yoast SEO plugin v27.3 - https:\/\/yoast.com\/product\/yoast-seo-wordpress\/ -->\n<title>Les m\u00e9thodes utilis\u00e9es - Hypnose et pas que, \u00e0 Pirey !<\/title>\n<meta name=\"description\" content=\"M\u00e9thodes, accompagnement adapt\u00e9 \u00e0 vos besoins : hypnose ericksonienne, approche narrative, PNL, analyse transactionnelle, coaching etc..\" \/>\n<meta name=\"robots\" content=\"index, follow, max-snippet:-1, max-image-preview:large, max-video-preview:-1\" \/>\n<link rel=\"canonical\" href=\"https:\/\/aureliedeloron.com\/index.php\/les-methodes-utilisees\/\" \/>\n<meta property=\"og:locale\" content=\"en_US\" \/>\n<meta property=\"og:type\" content=\"article\" \/>\n<meta property=\"og:title\" content=\"Les m\u00e9thodes utilis\u00e9es - Hypnose et pas que, \u00e0 Pirey !\" \/>\n<meta property=\"og:description\" content=\"M\u00e9thodes, accompagnement adapt\u00e9 \u00e0 vos besoins : hypnose ericksonienne, approche narrative, PNL, analyse transactionnelle, coaching etc..\" \/>\n<meta property=\"og:url\" content=\"https:\/\/aureliedeloron.com\/index.php\/les-methodes-utilisees\/\" \/>\n<meta property=\"og:site_name\" content=\"Aur\u00e9lie Deloron - Hypnose et Th\u00e9rapies Br\u00e8ves\" \/>\n<meta property=\"article:publisher\" content=\"https:\/\/www.facebook.com\/settings?tab=profile&amp;section=username\" \/>\n<meta property=\"article:modified_time\" content=\"2024-07-31T08:17:28+00:00\" \/>\n<meta property=\"og:image\" content=\"http:\/\/aureliedeloron.com\/wp-content\/uploads\/2023\/08\/Domaines-dintervention.png\" \/>\n<meta name=\"twitter:card\" content=\"summary_large_image\" \/>\n<meta name=\"twitter:label1\" content=\"Est. reading time\" \/>\n\t<meta name=\"twitter:data1\" content=\"4 minutes\" \/>\n<script type=\"application\/ld+json\" class=\"yoast-schema-graph\">{\"@context\":\"https:\\\/\\\/schema.org\",\"@graph\":[{\"@type\":\"WebPage\",\"@id\":\"https:\\\/\\\/aureliedeloron.com\\\/index.php\\\/les-methodes-utilisees\\\/\",\"url\":\"https:\\\/\\\/aureliedeloron.com\\\/index.php\\\/les-methodes-utilisees\\\/\",\"name\":\"Les m\u00e9thodes utilis\u00e9es - Hypnose et pas que, \u00e0 Pirey !\",\"isPartOf\":{\"@id\":\"https:\\\/\\\/aureliedeloron.com\\\/#website\"},\"primaryImageOfPage\":{\"@id\":\"https:\\\/\\\/aureliedeloron.com\\\/index.php\\\/les-methodes-utilisees\\\/#primaryimage\"},\"image\":{\"@id\":\"https:\\\/\\\/aureliedeloron.com\\\/index.php\\\/les-methodes-utilisees\\\/#primaryimage\"},\"thumbnailUrl\":\"http:\\\/\\\/aureliedeloron.com\\\/wp-content\\\/uploads\\\/2023\\\/08\\\/Domaines-dintervention.png\",\"datePublished\":\"2023-03-26T18:31:04+00:00\",\"dateModified\":\"2024-07-31T08:17:28+00:00\",\"description\":\"M\u00e9thodes, accompagnement adapt\u00e9 \u00e0 vos besoins : hypnose ericksonienne, approche narrative, PNL, analyse transactionnelle, coaching etc..\",\"breadcrumb\":{\"@id\":\"https:\\\/\\\/aureliedeloron.com\\\/index.php\\\/les-methodes-utilisees\\\/#breadcrumb\"},\"inLanguage\":\"en-US\",\"potentialAction\":[{\"@type\":\"ReadAction\",\"target\":[\"https:\\\/\\\/aureliedeloron.com\\\/index.php\\\/les-methodes-utilisees\\\/\"]}]},{\"@type\":\"ImageObject\",\"inLanguage\":\"en-US\",\"@id\":\"https:\\\/\\\/aureliedeloron.com\\\/index.php\\\/les-methodes-utilisees\\\/#primaryimage\",\"url\":\"https:\\\/\\\/aureliedeloron.com\\\/wp-content\\\/uploads\\\/2023\\\/08\\\/Domaines-dintervention.png\",\"contentUrl\":\"https:\\\/\\\/aureliedeloron.com\\\/wp-content\\\/uploads\\\/2023\\\/08\\\/Domaines-dintervention.png\",\"width\":629,\"height\":516},{\"@type\":\"BreadcrumbList\",\"@id\":\"https:\\\/\\\/aureliedeloron.com\\\/index.php\\\/les-methodes-utilisees\\\/#breadcrumb\",\"itemListElement\":[{\"@type\":\"ListItem\",\"position\":1,\"name\":\"Accueil\",\"item\":\"https:\\\/\\\/aureliedeloron.com\\\/\"},{\"@type\":\"ListItem\",\"position\":2,\"name\":\"Les m\u00e9thodes utilis\u00e9es\"}]},{\"@type\":\"WebSite\",\"@id\":\"https:\\\/\\\/aureliedeloron.com\\\/#website\",\"url\":\"https:\\\/\\\/aureliedeloron.com\\\/\",\"name\":\"Aur\u00e9lie Deloron Hypnose et Th\u00e9rapies Br\u00e8ves\",\"description\":\"Pr\u00e8s de Besan\u00e7on : 30A Rue du Mont 25480 PIREY\",\"publisher\":{\"@id\":\"https:\\\/\\\/aureliedeloron.com\\\/#organization\"},\"potentialAction\":[{\"@type\":\"SearchAction\",\"target\":{\"@type\":\"EntryPoint\",\"urlTemplate\":\"https:\\\/\\\/aureliedeloron.com\\\/?s={search_term_string}\"},\"query-input\":{\"@type\":\"PropertyValueSpecification\",\"valueRequired\":true,\"valueName\":\"search_term_string\"}}],\"inLanguage\":\"en-US\"},{\"@type\":\"Organization\",\"@id\":\"https:\\\/\\\/aureliedeloron.com\\\/#organization\",\"name\":\"Aur\u00e9lie Deloron Hypnose et Th\u00e9rapies Br\u00e8ves\",\"url\":\"https:\\\/\\\/aureliedeloron.com\\\/\",\"logo\":{\"@type\":\"ImageObject\",\"inLanguage\":\"en-US\",\"@id\":\"https:\\\/\\\/aureliedeloron.com\\\/#\\\/schema\\\/logo\\\/image\\\/\",\"url\":\"https:\\\/\\\/aureliedeloron.com\\\/wp-content\\\/uploads\\\/2023\\\/03\\\/cropped-cropped-20200429_110559.jpg\",\"contentUrl\":\"https:\\\/\\\/aureliedeloron.com\\\/wp-content\\\/uploads\\\/2023\\\/03\\\/cropped-cropped-20200429_110559.jpg\",\"width\":274,\"height\":274,\"caption\":\"Aur\u00e9lie Deloron Hypnose et Th\u00e9rapies Br\u00e8ves\"},\"image\":{\"@id\":\"https:\\\/\\\/aureliedeloron.com\\\/#\\\/schema\\\/logo\\\/image\\\/\"},\"sameAs\":[\"https:\\\/\\\/www.facebook.com\\\/settings?tab=profile&section=username\"]}]}<\/script>\n<!-- \/ Yoast SEO plugin. -->","yoast_head_json":{"title":"Les m\u00e9thodes utilis\u00e9es - Hypnose et pas que, \u00e0 Pirey !","description":"M\u00e9thodes, accompagnement adapt\u00e9 \u00e0 vos besoins : hypnose ericksonienne, approche narrative, PNL, analyse transactionnelle, coaching etc..","robots":{"index":"index","follow":"follow","max-snippet":"max-snippet:-1","max-image-preview":"max-image-preview:large","max-video-preview":"max-video-preview:-1"},"canonical":"https:\/\/aureliedeloron.com\/index.php\/les-methodes-utilisees\/","og_locale":"en_US","og_type":"article","og_title":"Les m\u00e9thodes utilis\u00e9es - Hypnose et pas que, \u00e0 Pirey !","og_description":"M\u00e9thodes, accompagnement adapt\u00e9 \u00e0 vos besoins : hypnose ericksonienne, approche narrative, PNL, analyse transactionnelle, coaching etc..","og_url":"https:\/\/aureliedeloron.com\/index.php\/les-methodes-utilisees\/","og_site_name":"Aur\u00e9lie Deloron - Hypnose et Th\u00e9rapies Br\u00e8ves","article_publisher":"https:\/\/www.facebook.com\/settings?tab=profile&section=username","article_modified_time":"2024-07-31T08:17:28+00:00","og_image":[{"url":"http:\/\/aureliedeloron.com\/wp-content\/uploads\/2023\/08\/Domaines-dintervention.png","type":"","width":"","height":""}],"twitter_card":"summary_large_image","twitter_misc":{"Est. reading time":"4 minutes"},"schema":{"@context":"https:\/\/schema.org","@graph":[{"@type":"WebPage","@id":"https:\/\/aureliedeloron.com\/index.php\/les-methodes-utilisees\/","url":"https:\/\/aureliedeloron.com\/index.php\/les-methodes-utilisees\/","name":"Les m\u00e9thodes utilis\u00e9es - Hypnose et pas que, \u00e0 Pirey !","isPartOf":{"@id":"https:\/\/aureliedeloron.com\/#website"},"primaryImageOfPage":{"@id":"https:\/\/aureliedeloron.com\/index.php\/les-methodes-utilisees\/#primaryimage"},"image":{"@id":"https:\/\/aureliedeloron.com\/index.php\/les-methodes-utilisees\/#primaryimage"},"thumbnailUrl":"http:\/\/aureliedeloron.com\/wp-content\/uploads\/2023\/08\/Domaines-dintervention.png","datePublished":"2023-03-26T18:31:04+00:00","dateModified":"2024-07-31T08:17:28+00:00","description":"M\u00e9thodes, accompagnement adapt\u00e9 \u00e0 vos besoins : hypnose ericksonienne, approche narrative, PNL, analyse transactionnelle, coaching etc..","breadcrumb":{"@id":"https:\/\/aureliedeloron.com\/index.php\/les-methodes-utilisees\/#breadcrumb"},"inLanguage":"en-US","potentialAction":[{"@type":"ReadAction","target":["https:\/\/aureliedeloron.com\/index.php\/les-methodes-utilisees\/"]}]},{"@type":"ImageObject","inLanguage":"en-US","@id":"https:\/\/aureliedeloron.com\/index.php\/les-methodes-utilisees\/#primaryimage","url":"https:\/\/aureliedeloron.com\/wp-content\/uploads\/2023\/08\/Domaines-dintervention.png","contentUrl":"https:\/\/aureliedeloron.com\/wp-content\/uploads\/2023\/08\/Domaines-dintervention.png","width":629,"height":516},{"@type":"BreadcrumbList","@id":"https:\/\/aureliedeloron.com\/index.php\/les-methodes-utilisees\/#breadcrumb","itemListElement":[{"@type":"ListItem","position":1,"name":"Accueil","item":"https:\/\/aureliedeloron.com\/"},{"@type":"ListItem","position":2,"name":"Les m\u00e9thodes utilis\u00e9es"}]},{"@type":"WebSite","@id":"https:\/\/aureliedeloron.com\/#website","url":"https:\/\/aureliedeloron.com\/","name":"Aur\u00e9lie Deloron Hypnose et Th\u00e9rapies Br\u00e8ves","description":"Pr\u00e8s de Besan\u00e7on : 30A Rue du Mont 25480 PIREY","publisher":{"@id":"https:\/\/aureliedeloron.com\/#organization"},"potentialAction":[{"@type":"SearchAction","target":{"@type":"EntryPoint","urlTemplate":"https:\/\/aureliedeloron.com\/?s={search_term_string}"},"query-input":{"@type":"PropertyValueSpecification","valueRequired":true,"valueName":"search_term_string"}}],"inLanguage":"en-US"},{"@type":"Organization","@id":"https:\/\/aureliedeloron.com\/#organization","name":"Aur\u00e9lie Deloron Hypnose et Th\u00e9rapies Br\u00e8ves","url":"https:\/\/aureliedeloron.com\/","logo":{"@type":"ImageObject","inLanguage":"en-US","@id":"https:\/\/aureliedeloron.com\/#\/schema\/logo\/image\/","url":"https:\/\/aureliedeloron.com\/wp-content\/uploads\/2023\/03\/cropped-cropped-20200429_110559.jpg","contentUrl":"https:\/\/aureliedeloron.com\/wp-content\/uploads\/2023\/03\/cropped-cropped-20200429_110559.jpg","width":274,"height":274,"caption":"Aur\u00e9lie Deloron Hypnose et Th\u00e9rapies Br\u00e8ves"},"image":{"@id":"https:\/\/aureliedeloron.com\/#\/schema\/logo\/image\/"},"sameAs":["https:\/\/www.facebook.com\/settings?tab=profile&section=username"]}]}},"_links":{"self":[{"href":"https:\/\/aureliedeloron.com\/index.php\/wp-json\/wp\/v2\/pages\/87","targetHints":{"allow":["GET"]}}],"collection":[{"href":"https:\/\/aureliedeloron.com\/index.php\/wp-json\/wp\/v2\/pages"}],"about":[{"href":"https:\/\/aureliedeloron.com\/index.php\/wp-json\/wp\/v2\/types\/page"}],"author":[{"embeddable":true,"href":"https:\/\/aureliedeloron.com\/index.php\/wp-json\/wp\/v2\/users\/1"}],"replies":[{"embeddable":true,"href":"https:\/\/aureliedeloron.com\/index.php\/wp-json\/wp\/v2\/comments?post=87"}],"version-history":[{"count":13,"href":"https:\/\/aureliedeloron.com\/index.php\/wp-json\/wp\/v2\/pages\/87\/revisions"}],"predecessor-version":[{"id":365,"href":"https:\/\/aureliedeloron.com\/index.php\/wp-json\/wp\/v2\/pages\/87\/revisions\/365"}],"wp:attachment":[{"href":"https:\/\/aureliedeloron.com\/index.php\/wp-json\/wp\/v2\/media?parent=87"}],"curies":[{"name":"wp","href":"https:\/\/api.w.org\/{rel}","templated":true}]}}