{"id":59,"date":"2023-03-26T20:29:56","date_gmt":"2023-03-26T18:29:56","guid":{"rendered":"http:\/\/aureliedeloron.com\/?page_id=59"},"modified":"2026-03-13T09:34:53","modified_gmt":"2026-03-13T08:34:53","slug":"infos-pratiques","status":"publish","type":"page","link":"https:\/\/aureliedeloron.com\/index.php\/infos-pratiques\/","title":{"rendered":"Infos pratiques"},"content":{"rendered":"\n<h1 class=\"wp-block-heading has-text-align-center has-text-color\" style=\"color:#bd0040\">&#8211; INFOS PRATIQUES &#8211;<\/h1>\n\n\n\n<p class=\"has-text-align-center has-black-color has-text-color\">Place \u00e0 quelques infos pratiques, toujours bien &#8230; pratiques ! <\/p>\n\n\n\n<figure class=\"wp-block-image aligncenter size-large is-resized\" id=\"infos-pratiques\"><img loading=\"lazy\" decoding=\"async\" width=\"1024\" height=\"724\" src=\"https:\/\/aureliedeloron.com\/wp-content\/uploads\/2024\/11\/Notre-Mission_20241117_111539_0000-1024x724.png\" alt=\"\" class=\"wp-image-367\" title=\"infos pratiques\" srcset=\"https:\/\/aureliedeloron.com\/wp-content\/uploads\/2024\/11\/Notre-Mission_20241117_111539_0000-1024x724.png 1024w, https:\/\/aureliedeloron.com\/wp-content\/uploads\/2024\/11\/Notre-Mission_20241117_111539_0000-300x212.png 300w, https:\/\/aureliedeloron.com\/wp-content\/uploads\/2024\/11\/Notre-Mission_20241117_111539_0000-768x543.png 768w, https:\/\/aureliedeloron.com\/wp-content\/uploads\/2024\/11\/Notre-Mission_20241117_111539_0000-1536x1086.png 1536w, https:\/\/aureliedeloron.com\/wp-content\/uploads\/2024\/11\/Notre-Mission_20241117_111539_0000.png 2000w\" sizes=\"auto, (max-width: 1024px) 100vw, 1024px\" \/><\/figure>\n\n\n\n<p class=\"has-text-align-center has-black-color has-text-color\">Je vous re\u00e7ois <strong>du lundi au samedi de 9h00 \u00e0 19h00<em> (13h00 le samedi)<\/em><\/strong><\/p>\n\n\n\n<p class=\"has-text-align-center has-black-color has-text-color\">Sur rdv uniquement : <strong>06.33.91.97.11<\/strong><\/p>\n\n\n\n<p class=\"has-text-align-center has-text-color\" style=\"color:#0a33af\"><strong><mark style=\"background-color:#f7fc00;color:#0600fa\" class=\"has-inline-color\">Mail : aureliedeloron.hypnose@gmail.com<\/mark><\/strong><\/p>\n\n\n\n<p class=\"has-text-align-center has-black-color has-text-color\">au cabinet situ\u00e9 \u00e0 <strong>PIREY<\/strong>, \u00e0 quelques minutes de Besan\u00e7on.<\/p>\n\n\n\n<p class=\"has-text-align-center has-black-color has-text-color\">Je serai ravie de <a href=\"http:\/\/aureliedeloron.com\/index.php\/a-propos\/\">vous accompagner<\/a> vers la d\u00e9couverte de vos ressources int\u00e9rieures et l&#8217;atteinte de <a href=\"http:\/\/aureliedeloron.com\/index.php\/votre-demande-vos-besoins\/\">vos objectifs<\/a>.&nbsp;<\/p>\n\n\n\n<p class=\"has-text-align-center has-black-color has-text-color\">Alors ? Vous h\u00e9sitez encore ? Venez profiter d&#8217;un temps pour vous, quelques instants pour avancer vers l&#8217;essentiel, juste pour essayer ! &#8230;&nbsp;<\/p>\n\n\n\n<hr class=\"wp-block-separator has-alpha-channel-opacity is-style-wide\"\/>\n\n\n\n<div class=\"wp-block-group is-layout-constrained wp-block-group-is-layout-constrained\">\n<p class=\"has-text-align-center has-black-color has-text-color\">&nbsp;Certaines mutuelles peuvent rembourser tout ou partie des s\u00e9ances : pensez \u00e0 vous renseigner.<\/p>\n\n\n\n<p class=\"has-text-align-center has-black-color has-text-color\">Si vous ne pouvez pas vous rendre \u00e0 votre rendez-vous, merci de me tenir inform\u00e9e. C\u2019est toujours plus agr\u00e9able et cela permet \u00e9ventuellement \u00e0 quelqu\u2019un d\u2019autre de pouvoir&nbsp; b\u00e9n\u00e9ficier de la s\u00e9ance <img loading=\"lazy\" decoding=\"async\" src=\"https:\/\/s.w.org\/images\/core\/emoji\/11\/svg\/1f642.svg\" alt=\"?\" width=\"39\" height=\"39\"><\/p>\n\n\n\n<p class=\"has-text-align-center has-black-color has-text-color\">La prise de rendez-vous est un engagement. <\/p>\n\n\n\n<div class=\"wp-block-group is-layout-constrained wp-block-group-is-layout-constrained\"><\/div>\n\n\n\n<div class=\"wp-block-group is-layout-constrained wp-block-group-is-layout-constrained\">\n<p class=\"has-text-align-center has-black-color has-text-color\">Et m\u00eame si j&#8217;adore les animaux, je suis allergique aux lapins, en toutes saisons !<\/p>\n\n\n\n<figure class=\"wp-block-image aligncenter size-medium is-resized\"><img loading=\"lazy\" decoding=\"async\" width=\"650\" height=\"399\" src=\"http:\/\/aureliedeloron.com\/wp-content\/uploads\/2024\/01\/lapin-erreur-061313-edited.jpg\" alt=\"\" class=\"wp-image-341\" style=\"width:272px;height:auto\" srcset=\"https:\/\/aureliedeloron.com\/wp-content\/uploads\/2024\/01\/lapin-erreur-061313-edited.jpg 650w, https:\/\/aureliedeloron.com\/wp-content\/uploads\/2024\/01\/lapin-erreur-061313-edited-300x184.jpg 300w\" sizes=\"auto, (max-width: 650px) 100vw, 650px\" \/><\/figure>\n<\/div>\n\n\n\n<p class=\"has-text-align-center\"><em><mark style=\"background-color:rgba(0, 0, 0, 0)\" class=\"has-inline-color has-vivid-red-color\"><strong>\u25ba Tout rendez-vous annul\u00e9 moins de 48h avant, ou manqu\u00e9, sera d\u00fb et factur\u00e9  (montant total de la s\u00e9ance ou 35% de celle-ci, selon les circonstances notamment &#8230;).<\/strong><\/mark><\/em><\/p>\n\n\n\n<hr class=\"wp-block-separator has-alpha-channel-opacity is-style-wide\"\/>\n\n\n\n<p class=\"has-text-align-center has-white-color has-electric-grass-gradient-background has-text-color has-background\"><strong><a href=\"https:\/\/goo.gl\/maps\/bPWPLLLkzndLtr8z6\" target=\"_blank\" rel=\"noreferrer noopener\">Retrouvez ici -CLIC &#8211; quelques avis suite \u00e0 un <\/a><a href=\"https:\/\/g.page\/aureliedeloron-hypnose-besancon?share\" target=\"_blank\" rel=\"noreferrer noopener\">ou<\/a><a href=\"https:\/\/maps.app.goo.gl\/LUnqKcUF89wpmngx8\" target=\"_blank\" rel=\"noreferrer noopener\"> plusieurs passages en accompagnement \ud83d\ude42<\/a><\/strong><\/p>\n\n\n\n<figure class=\"wp-block-image aligncenter size-large is-resized\"><img loading=\"lazy\" decoding=\"async\" width=\"1024\" height=\"576\" src=\"http:\/\/aureliedeloron.com\/wp-content\/uploads\/2023\/03\/20180418_084143-1024x576.jpg\" alt=\"tarif\" class=\"wp-image-67\" srcset=\"https:\/\/aureliedeloron.com\/wp-content\/uploads\/2023\/03\/20180418_084143-1024x576.jpg 1024w, https:\/\/aureliedeloron.com\/wp-content\/uploads\/2023\/03\/20180418_084143-300x169.jpg 300w, https:\/\/aureliedeloron.com\/wp-content\/uploads\/2023\/03\/20180418_084143-768x432.jpg 768w, https:\/\/aureliedeloron.com\/wp-content\/uploads\/2023\/03\/20180418_084143.jpg 1280w\" sizes=\"auto, (max-width: 1024px) 100vw, 1024px\" \/><\/figure>\n\n\n\n<hr class=\"wp-block-separator has-alpha-channel-opacity is-style-wide\"\/>\n\n\n\n<h2 class=\"wp-block-heading has-text-align-center\"><strong>MENTIONS LEGALES<\/strong><\/h2>\n\n\n\n<div class=\"wp-block-columns is-layout-flex wp-container-core-columns-is-layout-28f84493 wp-block-columns-is-layout-flex\">\n<div class=\"wp-block-column is-layout-flow wp-block-column-is-layout-flow\">\n<p><strong><em>Ce site est la cr\u00e9ation et la propri\u00e9t\u00e9 de <a href=\"http:\/\/aureliedeloron.com\/index.php\/a-propos\/\">Aur\u00e9lie DELORON<\/a>.<\/em> <\/strong><em>Il est interdit \u00e0 tout internaute de copier ou reproduire tout ou partie du contenu du site, sauf autorisation sp\u00e9cifique et expresse de Aur\u00e9lie DELORON. SIREN : 835 348 426 &#8211;&nbsp;Code APE : 8690F.&nbsp;Responsable de publication : Aur\u00e9lie DELORON <a href=\"mailto:aureliedeloron.hypnose@gmail.com\">aureliedeloron.hypnose@gmail.com<\/a> . H\u00e9bergeur : OVH 2 rue Kellermann 59100 Roubaix.&nbsp;Les informations de ce site peuvent \u00eatre p\u00e9riodiquement modifi\u00e9es. La responsable de publication peut apporter des am\u00e9liorations ou des changements \u00e0 ce site et ce sans pr\u00e9avis.<\/em><\/p>\n\n\n\n<p><\/p>\n\n\n\n<p><em>&nbsp;Responsable de publication : Aur\u00e9lie DELORON <a href=\"mailto:aureliedeloron.hypnose@gmail.com\">aureliedeloron.hypnose@gmail.com<\/a> . H\u00e9bergeur : OVH 2 rue Kellermann 59100 Roubaix.&nbsp;Les informations de ce site peuvent \u00eatre p\u00e9riodiquement modifi\u00e9es. La responsable de publication peut apporter des am\u00e9liorations ou des changements \u00e0 ce site et ce sans pr\u00e9avis.<\/em><\/p>\n<\/div>\n<\/div>\n<\/div>\n","protected":false},"excerpt":{"rendered":"<p>&#8211; INFOS PRATIQUES &#8211; Place \u00e0 quelques infos pratiques, toujours bien &#8230; pratiques ! Je vous re\u00e7ois du lundi au samedi de 9h00 \u00e0 19h00 (13h00 le samedi) Sur rdv uniquement : 06.33.91.97.11 Mail : aureliedeloron.hypnose@gmail.com au cabinet situ\u00e9 \u00e0<\/p>\n","protected":false},"author":1,"featured_media":154,"parent":0,"menu_order":0,"comment_status":"closed","ping_status":"closed","template":"","meta":{"footnotes":""},"class_list":["post-59","page","type-page","status-publish","has-post-thumbnail","hentry"],"yoast_head":"<!-- This site is optimized with the Yoast SEO plugin v27.4 - https:\/\/yoast.com\/product\/yoast-seo-wordpress\/ -->\n<title>Infos pratiques - Aur\u00e9lie Deloron - Hypnose et Th\u00e9rapies Br\u00e8ves<\/title>\n<meta name=\"description\" content=\"Infos pratiques, adresse 30a rue du Mont 25480 PIREY, horaires, lieu, tarif de votre s\u00e9ance. Pr\u00e8s de Besan\u00e7on. Hypnose\" \/>\n<meta name=\"robots\" content=\"index, follow, max-snippet:-1, max-image-preview:large, max-video-preview:-1\" \/>\n<link rel=\"canonical\" href=\"https:\/\/aureliedeloron.com\/index.php\/infos-pratiques\/\" \/>\n<meta property=\"og:locale\" content=\"en_US\" \/>\n<meta property=\"og:type\" content=\"article\" \/>\n<meta property=\"og:title\" content=\"Infos pratiques - Aur\u00e9lie Deloron - Hypnose et Th\u00e9rapies Br\u00e8ves\" \/>\n<meta property=\"og:description\" content=\"Infos pratiques, adresse 30a rue du Mont 25480 PIREY, horaires, lieu, tarif de votre s\u00e9ance. Pr\u00e8s de Besan\u00e7on. Hypnose\" \/>\n<meta property=\"og:url\" content=\"https:\/\/aureliedeloron.com\/index.php\/infos-pratiques\/\" \/>\n<meta property=\"og:site_name\" content=\"Aur\u00e9lie Deloron - Hypnose et Th\u00e9rapies Br\u00e8ves\" \/>\n<meta property=\"article:publisher\" content=\"https:\/\/www.facebook.com\/settings?tab=profile&amp;section=username\" \/>\n<meta property=\"article:modified_time\" content=\"2026-03-13T08:34:53+00:00\" \/>\n<meta property=\"og:image\" content=\"http:\/\/aureliedeloron.com\/wp-content\/uploads\/2023\/03\/png_20220523_222932_0000-1.jpg\" \/>\n\t<meta property=\"og:image:width\" content=\"2000\" \/>\n\t<meta property=\"og:image:height\" content=\"1414\" \/>\n\t<meta property=\"og:image:type\" content=\"image\/jpeg\" \/>\n<meta name=\"twitter:card\" content=\"summary_large_image\" \/>\n<meta name=\"twitter:label1\" content=\"Est. reading time\" \/>\n\t<meta name=\"twitter:data1\" content=\"3 minutes\" \/>\n<script type=\"application\/ld+json\" class=\"yoast-schema-graph\">{\"@context\":\"https:\\\/\\\/schema.org\",\"@graph\":[{\"@type\":\"WebPage\",\"@id\":\"https:\\\/\\\/aureliedeloron.com\\\/index.php\\\/infos-pratiques\\\/\",\"url\":\"https:\\\/\\\/aureliedeloron.com\\\/index.php\\\/infos-pratiques\\\/\",\"name\":\"Infos pratiques - Aur\u00e9lie Deloron - Hypnose et Th\u00e9rapies Br\u00e8ves\",\"isPartOf\":{\"@id\":\"https:\\\/\\\/aureliedeloron.com\\\/#website\"},\"primaryImageOfPage\":{\"@id\":\"https:\\\/\\\/aureliedeloron.com\\\/index.php\\\/infos-pratiques\\\/#primaryimage\"},\"image\":{\"@id\":\"https:\\\/\\\/aureliedeloron.com\\\/index.php\\\/infos-pratiques\\\/#primaryimage\"},\"thumbnailUrl\":\"https:\\\/\\\/aureliedeloron.com\\\/wp-content\\\/uploads\\\/2023\\\/03\\\/png_20220523_222932_0000-1.jpg\",\"datePublished\":\"2023-03-26T18:29:56+00:00\",\"dateModified\":\"2026-03-13T08:34:53+00:00\",\"description\":\"Infos pratiques, adresse 30a rue du Mont 25480 PIREY, horaires, lieu, tarif de votre s\u00e9ance. Pr\u00e8s de Besan\u00e7on. Hypnose\",\"breadcrumb\":{\"@id\":\"https:\\\/\\\/aureliedeloron.com\\\/index.php\\\/infos-pratiques\\\/#breadcrumb\"},\"inLanguage\":\"en-US\",\"potentialAction\":[{\"@type\":\"ReadAction\",\"target\":[\"https:\\\/\\\/aureliedeloron.com\\\/index.php\\\/infos-pratiques\\\/\"]}]},{\"@type\":\"ImageObject\",\"inLanguage\":\"en-US\",\"@id\":\"https:\\\/\\\/aureliedeloron.com\\\/index.php\\\/infos-pratiques\\\/#primaryimage\",\"url\":\"https:\\\/\\\/aureliedeloron.com\\\/wp-content\\\/uploads\\\/2023\\\/03\\\/png_20220523_222932_0000-1.jpg\",\"contentUrl\":\"https:\\\/\\\/aureliedeloron.com\\\/wp-content\\\/uploads\\\/2023\\\/03\\\/png_20220523_222932_0000-1.jpg\",\"width\":2000,\"height\":1414},{\"@type\":\"BreadcrumbList\",\"@id\":\"https:\\\/\\\/aureliedeloron.com\\\/index.php\\\/infos-pratiques\\\/#breadcrumb\",\"itemListElement\":[{\"@type\":\"ListItem\",\"position\":1,\"name\":\"Accueil\",\"item\":\"https:\\\/\\\/aureliedeloron.com\\\/\"},{\"@type\":\"ListItem\",\"position\":2,\"name\":\"Infos pratiques\"}]},{\"@type\":\"WebSite\",\"@id\":\"https:\\\/\\\/aureliedeloron.com\\\/#website\",\"url\":\"https:\\\/\\\/aureliedeloron.com\\\/\",\"name\":\"Aur\u00e9lie Deloron Hypnose et Th\u00e9rapies Br\u00e8ves\",\"description\":\"Pr\u00e8s de Besan\u00e7on : 30A Rue du Mont 25480 PIREY\",\"publisher\":{\"@id\":\"https:\\\/\\\/aureliedeloron.com\\\/#organization\"},\"potentialAction\":[{\"@type\":\"SearchAction\",\"target\":{\"@type\":\"EntryPoint\",\"urlTemplate\":\"https:\\\/\\\/aureliedeloron.com\\\/?s={search_term_string}\"},\"query-input\":{\"@type\":\"PropertyValueSpecification\",\"valueRequired\":true,\"valueName\":\"search_term_string\"}}],\"inLanguage\":\"en-US\"},{\"@type\":\"Organization\",\"@id\":\"https:\\\/\\\/aureliedeloron.com\\\/#organization\",\"name\":\"Aur\u00e9lie Deloron Hypnose et Th\u00e9rapies Br\u00e8ves\",\"url\":\"https:\\\/\\\/aureliedeloron.com\\\/\",\"logo\":{\"@type\":\"ImageObject\",\"inLanguage\":\"en-US\",\"@id\":\"https:\\\/\\\/aureliedeloron.com\\\/#\\\/schema\\\/logo\\\/image\\\/\",\"url\":\"https:\\\/\\\/aureliedeloron.com\\\/wp-content\\\/uploads\\\/2023\\\/03\\\/cropped-cropped-20200429_110559.jpg\",\"contentUrl\":\"https:\\\/\\\/aureliedeloron.com\\\/wp-content\\\/uploads\\\/2023\\\/03\\\/cropped-cropped-20200429_110559.jpg\",\"width\":274,\"height\":274,\"caption\":\"Aur\u00e9lie Deloron Hypnose et Th\u00e9rapies Br\u00e8ves\"},\"image\":{\"@id\":\"https:\\\/\\\/aureliedeloron.com\\\/#\\\/schema\\\/logo\\\/image\\\/\"},\"sameAs\":[\"https:\\\/\\\/www.facebook.com\\\/settings?tab=profile&section=username\"]}]}<\/script>\n<!-- \/ Yoast SEO plugin. -->","yoast_head_json":{"title":"Infos pratiques - Aur\u00e9lie Deloron - Hypnose et Th\u00e9rapies Br\u00e8ves","description":"Infos pratiques, adresse 30a rue du Mont 25480 PIREY, horaires, lieu, tarif de votre s\u00e9ance. Pr\u00e8s de Besan\u00e7on. Hypnose","robots":{"index":"index","follow":"follow","max-snippet":"max-snippet:-1","max-image-preview":"max-image-preview:large","max-video-preview":"max-video-preview:-1"},"canonical":"https:\/\/aureliedeloron.com\/index.php\/infos-pratiques\/","og_locale":"en_US","og_type":"article","og_title":"Infos pratiques - Aur\u00e9lie Deloron - Hypnose et Th\u00e9rapies Br\u00e8ves","og_description":"Infos pratiques, adresse 30a rue du Mont 25480 PIREY, horaires, lieu, tarif de votre s\u00e9ance. Pr\u00e8s de Besan\u00e7on. Hypnose","og_url":"https:\/\/aureliedeloron.com\/index.php\/infos-pratiques\/","og_site_name":"Aur\u00e9lie Deloron - Hypnose et Th\u00e9rapies Br\u00e8ves","article_publisher":"https:\/\/www.facebook.com\/settings?tab=profile&section=username","article_modified_time":"2026-03-13T08:34:53+00:00","og_image":[{"width":2000,"height":1414,"url":"http:\/\/aureliedeloron.com\/wp-content\/uploads\/2023\/03\/png_20220523_222932_0000-1.jpg","type":"image\/jpeg"}],"twitter_card":"summary_large_image","twitter_misc":{"Est. reading time":"3 minutes"},"schema":{"@context":"https:\/\/schema.org","@graph":[{"@type":"WebPage","@id":"https:\/\/aureliedeloron.com\/index.php\/infos-pratiques\/","url":"https:\/\/aureliedeloron.com\/index.php\/infos-pratiques\/","name":"Infos pratiques - Aur\u00e9lie Deloron - Hypnose et Th\u00e9rapies Br\u00e8ves","isPartOf":{"@id":"https:\/\/aureliedeloron.com\/#website"},"primaryImageOfPage":{"@id":"https:\/\/aureliedeloron.com\/index.php\/infos-pratiques\/#primaryimage"},"image":{"@id":"https:\/\/aureliedeloron.com\/index.php\/infos-pratiques\/#primaryimage"},"thumbnailUrl":"https:\/\/aureliedeloron.com\/wp-content\/uploads\/2023\/03\/png_20220523_222932_0000-1.jpg","datePublished":"2023-03-26T18:29:56+00:00","dateModified":"2026-03-13T08:34:53+00:00","description":"Infos pratiques, adresse 30a rue du Mont 25480 PIREY, horaires, lieu, tarif de votre s\u00e9ance. Pr\u00e8s de Besan\u00e7on. Hypnose","breadcrumb":{"@id":"https:\/\/aureliedeloron.com\/index.php\/infos-pratiques\/#breadcrumb"},"inLanguage":"en-US","potentialAction":[{"@type":"ReadAction","target":["https:\/\/aureliedeloron.com\/index.php\/infos-pratiques\/"]}]},{"@type":"ImageObject","inLanguage":"en-US","@id":"https:\/\/aureliedeloron.com\/index.php\/infos-pratiques\/#primaryimage","url":"https:\/\/aureliedeloron.com\/wp-content\/uploads\/2023\/03\/png_20220523_222932_0000-1.jpg","contentUrl":"https:\/\/aureliedeloron.com\/wp-content\/uploads\/2023\/03\/png_20220523_222932_0000-1.jpg","width":2000,"height":1414},{"@type":"BreadcrumbList","@id":"https:\/\/aureliedeloron.com\/index.php\/infos-pratiques\/#breadcrumb","itemListElement":[{"@type":"ListItem","position":1,"name":"Accueil","item":"https:\/\/aureliedeloron.com\/"},{"@type":"ListItem","position":2,"name":"Infos pratiques"}]},{"@type":"WebSite","@id":"https:\/\/aureliedeloron.com\/#website","url":"https:\/\/aureliedeloron.com\/","name":"Aur\u00e9lie Deloron Hypnose et Th\u00e9rapies Br\u00e8ves","description":"Pr\u00e8s de Besan\u00e7on : 30A Rue du Mont 25480 PIREY","publisher":{"@id":"https:\/\/aureliedeloron.com\/#organization"},"potentialAction":[{"@type":"SearchAction","target":{"@type":"EntryPoint","urlTemplate":"https:\/\/aureliedeloron.com\/?s={search_term_string}"},"query-input":{"@type":"PropertyValueSpecification","valueRequired":true,"valueName":"search_term_string"}}],"inLanguage":"en-US"},{"@type":"Organization","@id":"https:\/\/aureliedeloron.com\/#organization","name":"Aur\u00e9lie Deloron Hypnose et Th\u00e9rapies Br\u00e8ves","url":"https:\/\/aureliedeloron.com\/","logo":{"@type":"ImageObject","inLanguage":"en-US","@id":"https:\/\/aureliedeloron.com\/#\/schema\/logo\/image\/","url":"https:\/\/aureliedeloron.com\/wp-content\/uploads\/2023\/03\/cropped-cropped-20200429_110559.jpg","contentUrl":"https:\/\/aureliedeloron.com\/wp-content\/uploads\/2023\/03\/cropped-cropped-20200429_110559.jpg","width":274,"height":274,"caption":"Aur\u00e9lie Deloron Hypnose et Th\u00e9rapies Br\u00e8ves"},"image":{"@id":"https:\/\/aureliedeloron.com\/#\/schema\/logo\/image\/"},"sameAs":["https:\/\/www.facebook.com\/settings?tab=profile&section=username"]}]}},"_links":{"self":[{"href":"https:\/\/aureliedeloron.com\/index.php\/wp-json\/wp\/v2\/pages\/59","targetHints":{"allow":["GET"]}}],"collection":[{"href":"https:\/\/aureliedeloron.com\/index.php\/wp-json\/wp\/v2\/pages"}],"about":[{"href":"https:\/\/aureliedeloron.com\/index.php\/wp-json\/wp\/v2\/types\/page"}],"author":[{"embeddable":true,"href":"https:\/\/aureliedeloron.com\/index.php\/wp-json\/wp\/v2\/users\/1"}],"replies":[{"embeddable":true,"href":"https:\/\/aureliedeloron.com\/index.php\/wp-json\/wp\/v2\/comments?post=59"}],"version-history":[{"count":27,"href":"https:\/\/aureliedeloron.com\/index.php\/wp-json\/wp\/v2\/pages\/59\/revisions"}],"predecessor-version":[{"id":372,"href":"https:\/\/aureliedeloron.com\/index.php\/wp-json\/wp\/v2\/pages\/59\/revisions\/372"}],"wp:featuredmedia":[{"embeddable":true,"href":"https:\/\/aureliedeloron.com\/index.php\/wp-json\/wp\/v2\/media\/154"}],"wp:attachment":[{"href":"https:\/\/aureliedeloron.com\/index.php\/wp-json\/wp\/v2\/media?parent=59"}],"curies":[{"name":"wp","href":"https:\/\/api.w.org\/{rel}","templated":true}]}}